{"id":2,"date":"2023-03-07T15:13:08","date_gmt":"2023-03-07T15:13:08","guid":{"rendered":"http:\/\/acanthe-renovation.com\/?page_id=2"},"modified":"2024-09-26T20:52:47","modified_gmt":"2024-09-26T20:52:47","slug":"sample-page","status":"publish","type":"page","link":"https:\/\/acanthe-renovation.com\/?page_id=2","title":{"rendered":"Services"},"content":{"rendered":"\n<p>Artisan sp\u00e9cialis\u00e9 en r\u00e9novation \u00e9cologique :<\/p>\n\n\n\n<ul>\n<li>Isoler thermiquement pour consommer moins d&#8217;\u00e9nergie,<\/li>\n\n\n\n<li>Penser la maison en termes bioclimatiques,<\/li>\n\n\n\n<li>Utiliser des mat\u00e9riaux sains et biosourc\u00e9s autant que possible.<\/li>\n<\/ul>\n\n\n\n<p><\/p>\n\n\n\n<p>Mais aussi :<\/p>\n\n\n\n<ul>\n<li>Agencement (cloisons, \u00e9tag\u00e8res, etc.),<\/li>\n\n\n\n<li>Parquets et lambris,<\/li>\n\n\n\n<li>Pose de menuiseries int\u00e9rieures\/ext\u00e9rieures,<\/li>\n\n\n\n<li>Isolation et \u00e9tanch\u00e9it\u00e9 \u00e0 l&#8217;air,<\/li>\n\n\n\n<li>Enduits et peintures,<\/li>\n\n\n\n<li>Ma\u00e7onnerie du b\u00e2ti ancien.<br><br><br><\/li>\n<\/ul>\n\n\n\n<p>R\u00e9gion d&#8217;intervention :<\/p>\n\n\n\n<ul>\n<li>Couserans et Ari\u00e8ge 09 (Saint-Girons, Castillon-en-Couserans, etc.)<br><br><br><\/li>\n<\/ul>\n\n\n\n<p><\/p>\n\n\n\n<figure class=\"is-layout-flex wp-block-gallery-1 wp-block-gallery has-nested-images columns-default is-cropped\">\n<figure class=\"wp-block-image size-large is-style-default\"><img decoding=\"async\" loading=\"lazy\" width=\"1024\" height=\"658\" data-id=\"26\"  src=\"https:\/\/acanthe-renovation.com\/wp-content\/uploads\/2023\/03\/2015-Mori-chaux-chanvre-2-1024x658.jpg\" alt=\"Artisan applying lime-based plaster.\" class=\"wp-image-26\" srcset=\"https:\/\/acanthe-renovation.com\/wp-content\/uploads\/2023\/03\/2015-Mori-chaux-chanvre-2-1024x658.jpg 1024w, https:\/\/acanthe-renovation.com\/wp-content\/uploads\/2023\/03\/2015-Mori-chaux-chanvre-2-300x193.jpg 300w, https:\/\/acanthe-renovation.com\/wp-content\/uploads\/2023\/03\/2015-Mori-chaux-chanvre-2-768x493.jpg 768w, https:\/\/acanthe-renovation.com\/wp-content\/uploads\/2023\/03\/2015-Mori-chaux-chanvre-2-1536x986.jpg 1536w, https:\/\/acanthe-renovation.com\/wp-content\/uploads\/2023\/03\/2015-Mori-chaux-chanvre-2-2048x1315.jpg 2048w\" sizes=\"(max-width: 1024px) 100vw, 1024px\" \/><\/figure>\n<\/figure>\n","protected":false},"excerpt":{"rendered":"<p>Artisan sp\u00e9cialis\u00e9 en r\u00e9novation \u00e9cologique : Mais aussi : R\u00e9gion d&#8217;intervention :<\/p>\n","protected":false},"author":1,"featured_media":26,"parent":0,"menu_order":0,"comment_status":"closed","ping_status":"open","template":"","meta":{"_mi_skip_tracking":false},"aioseo_notices":[],"_links":{"self":[{"href":"https:\/\/acanthe-renovation.com\/index.php?rest_route=\/wp\/v2\/pages\/2"}],"collection":[{"href":"https:\/\/acanthe-renovation.com\/index.php?rest_route=\/wp\/v2\/pages"}],"about":[{"href":"https:\/\/acanthe-renovation.com\/index.php?rest_route=\/wp\/v2\/types\/page"}],"author":[{"embeddable":true,"href":"https:\/\/acanthe-renovation.com\/index.php?rest_route=\/wp\/v2\/users\/1"}],"replies":[{"embeddable":true,"href":"https:\/\/acanthe-renovation.com\/index.php?rest_route=%2Fwp%2Fv2%2Fcomments&post=2"}],"version-history":[{"count":10,"href":"https:\/\/acanthe-renovation.com\/index.php?rest_route=\/wp\/v2\/pages\/2\/revisions"}],"predecessor-version":[{"id":181,"href":"https:\/\/acanthe-renovation.com\/index.php?rest_route=\/wp\/v2\/pages\/2\/revisions\/181"}],"wp:featuredmedia":[{"embeddable":true,"href":"https:\/\/acanthe-renovation.com\/index.php?rest_route=\/wp\/v2\/media\/26"}],"wp:attachment":[{"href":"https:\/\/acanthe-renovation.com\/index.php?rest_route=%2Fwp%2Fv2%2Fmedia&parent=2"}],"curies":[{"name":"wp","href":"https:\/\/api.w.org\/{rel}","templated":true}]}}